{"id":1288,"date":"2014-12-01T09:02:56","date_gmt":"2014-12-01T14:02:56","guid":{"rendered":"https:\/\/tangueria.org\/?page_id=1288"},"modified":"2019-07-15T21:55:39","modified_gmt":"2019-07-16T01:55:39","slug":"notre-histoire-2","status":"publish","type":"page","link":"https:\/\/tangueria.org\/?page_id=1288","title":{"rendered":"Notre histoire"},"content":{"rendered":"<div id=\"content\">\n<p style=\"text-align: center;\"><img loading=\"lazy\" decoding=\"async\" class=\"size-full wp-image-2811 aligncenter\" src=\"https:\/\/tangueria.org\/wp-content\/uploads\/2019\/07\/1528589_803844799693497_3795530547799731851_n-copie.jpg\" alt=\"\" width=\"742\" height=\"742\" srcset=\"https:\/\/tangueria.org\/wp-content\/uploads\/2019\/07\/1528589_803844799693497_3795530547799731851_n-copie.jpg 742w, https:\/\/tangueria.org\/wp-content\/uploads\/2019\/07\/1528589_803844799693497_3795530547799731851_n-copie-150x150.jpg 150w, https:\/\/tangueria.org\/wp-content\/uploads\/2019\/07\/1528589_803844799693497_3795530547799731851_n-copie-300x300.jpg 300w\" sizes=\"auto, (max-width: 742px) 100vw, 742px\" \/><\/p>\n<\/div>\n<div title=\"Page 1\">\n<p style=\"text-align: center;\">L\u2019histoire de la Tangueria d\u00e9bute en 1991 avec l\u2019ouverture d\u2019un studio de tango<br \/>\nsur le boulevard Saint-Laurent \u00e0 Montr\u00e9al.<\/p>\n<p style=\"text-align: center;\">En 1993, le Studio change de nom pour la Tangueria et, en peu de temps,<br \/>\ndevient un endroit culte incontournable de tango \u00e0 Montr\u00e9al.<\/p>\n<p style=\"text-align: center;\">En novembre 1993, la Tangueria fonde la Soci\u00e9t\u00e9 culturelle argentine Qu\u00e9bec-Canada (SCAQC), organisme \u00e0 but non lucratif qui a comme mandat de promouvoir l\u2019expression, le d\u00e9veloppement et la diffusion du tango argentin sous ses diff\u00e9rentes formes (danse, chant, musique), ainsi que de promouvoir la culture argentine en contribuant<br \/>\nau rapprochement des communaut\u00e9s latino-am\u00e9ricaine,<br \/>\nargentine, qu\u00e9b\u00e9coise et canadienne.<\/p>\n<p style=\"text-align: center;\">De 1994 \u00e0 novembre 2004, la Tangueria a organis\u00e9, pour la SCAQC, un grand nombre d\u2019\u00e9v\u00e9nements et a produit des centaines de spectacles de danse et de musique, notamment Djelem, L\u2019Ensemble Montr\u00e9al Tango, Fleur de Tango, Tango Vivo, Jacques Saint-Cyr &amp; Michel B\u00e9lair, Kety Lozano, Bagg Street Klezmer Band, Didier Dumoutier &amp; son orchestre, Lhasa de Sela, Jos\u00e9-Maria Gianelli &amp; Victor Sanchez, Angelo Cherry, Raul Jaurena du New York Buenos Aires Connection, Ildo Patriarca, Mecha Gomez, Ballet Folklore de l\u2019Universit\u00e9 de Buenos Aires, Nestor Vaz &amp; Julio Cobelli, Trio Pantango, Salamanca ainsi que Les Journ\u00e9es de Tango contre le racisme de 2001, 2002 et 2003.\u00a0De 2004 \u00e0 aujourd\u2019hui, la Tangueria a \u00e9t\u00e9 et est encore un lieu dynamique pour le tango argentin ainsi qu\u2019elle offre r\u00e9guli\u00e8rement des activit\u00e9s li\u00e9es au tango et \u00e0 la culture argentine. La Tangueria a d\u2019ailleurs organis\u00e9 plusieurs ateliers et causeries avec les plus grands noms du tango argentin tels que Pepito Avellaneda &amp; Suzuki Avellaneda, Suzana Miller, Jorge Torres, Andre Miss\u00e9 &amp; Leandro Palou, Sebastien Miss\u00e9 &amp; Andrea Reyero, Wouter Brave &amp; Babette Anhalt, Florencia Tacetti &amp; Julio Mendez, Brooke Burdett, Elina Roldan, Esteban Moreno &amp; Claudia Codega,<br \/>\nPablo Inza &amp; Veronica Albarenga et Maria Cieri.<\/p>\n<p style=\"text-align: center;\">La Tangueria a form\u00e9 des milliers de personnes au tango argentin et demeure l\u2019un des principaux acteurs sur la sc\u00e8ne du tango \u00e0 Montr\u00e9al. Elle est aussi l\u2019une des plus anciennes \u00e9coles et salles de danse de tango argentin en Am\u00e9rique du Nord. De plus, la Tangueria participe \u00e0 la vie communautaire de quartiers lors de la F\u00eate nationale, de festivals ou d\u2019autres \u00e9v\u00e9nements culturels, et s\u2019engage dans des causes sociales.<\/p>\n<div title=\"Page 1\">\n<p style=\"text-align: center;\"><strong>About us\u00a0<\/strong><\/p>\n<p style=\"text-align: center;\">The Tangueria started off in 1991 with the opening<br \/>\nof a tango studio on Saint-Laurent Boulevard in Montreal.<\/p>\n<p style=\"text-align: center;\">In 1993, the Studio changed its name to the Tangueria and in no time<br \/>\nbecame the Mecca and a must for tango in Montreal.<\/p>\n<p style=\"text-align: center;\">In November 1993, the Tangueria founded the Soci\u00e9t\u00e9 culturelle argentine Qu\u00e9bec-Canada (SCAQC) &#8212; (Quebec-Canada Argentinian Cultural Company), a non-profit organization whose mandate was to promote the expression, the development and the knowledge of Argentinian tango in its various forms (dance, singing, music), as well as to promote the Argentinian culture by contributing to bringing together the Latino-American,<br \/>\nArgentinian, Quebec and Canadian communities.<\/p>\n<p style=\"text-align: center;\">Between 1994 and November 2004, the Tangueria organized a great number of events and produced hunderds of shows and concerts for the SCAQC, such as Djelem, L\u2019Ensemble Montr\u00e9al Tango, Fleur de Tango, Tango Vivo, Jacques Saint-Cyr &amp; Michel B\u00e9lair, Kety Lozano, Bagg Street Klezmer Band, Didier Dumoutier &amp; his orchestra, Lhasa de Sela, Jos\u00e9-Maria Gianelli &amp; Victor Sanchez, Angelo Cherry, Raul Jaurena of The New York Buenos Aires Connection, Ildo Patriarca, Mecha Gomez, Folklore Ballet of Buenos Aires University, Nestor Vaz &amp; Julio Cobelli, Trio Pantango, Salamanca, as well as\u00a0Les Journ\u00e9es de Tango<br \/>\ncontre le racisme (Tango Against Racism) 2001, 2002 and 2003.<\/p>\n<p style=\"text-align: center;\">From 2004 till today, the Tangueria has been and still is a dynamic venue for Argentinian tango and regularly offers activities related to tango and the Argentinian culture. The Tangueria organized many workshops and lectures with some of the greatest Argentinian tango masters, namely Pepito Avellaneda &amp; Suzuki Avellaneda, Suzana Miller, Jorge Torres, Andre Miss\u00e9 &amp; Leandro Palou, Sebastien Miss\u00e9 &amp; Andrea Reyero,<br \/>\nWouter Brave &amp; Babette Anhalt, Florencia Tacetti &amp; Julio Mendez,<br \/>\nBrooke Burdett, Elina Roldan,\u00a0Esteban Moreno &amp; Claudia Codega,<br \/>\nPablo Inza &amp; Veronica Albarenga, Maria Cieri.<\/p>\n<p style=\"text-align: center;\">The Tangueria trained thousands of people to Argentinian tango and remains one of the major actors in the Montreal tango scene. It is also one of the oldest tango dance schools and halls in North America. Furthermore, the Tangueria participates in the community life of neighbourhoods during National Holidays, Festivals<br \/>\nor other cultural events,\u00a0and is involved in social causes.<\/p>\n<\/div>\n<div style=\"text-align: center;\" title=\"Page 1\"><\/div>\n<div style=\"text-align: center;\" title=\"Page 1\"><\/div>\n<\/div>\n<div style=\"text-align: center;\" title=\"Page 1\"><\/div>\n<div class=\"clear\" style=\"text-align: center;\"><\/div>\n","protected":false},"excerpt":{"rendered":"<p>L\u2019histoire de la Tangueria d\u00e9bute en 1991 avec l\u2019ouverture d\u2019un<span class=\"more-dots\"><a href=\"https:\/\/tangueria.org\/?page_id=1288\">[ &#8230; ]<\/span><\/a><\/p>\n","protected":false},"author":1,"featured_media":0,"parent":0,"menu_order":0,"comment_status":"closed","ping_status":"closed","template":"","meta":{"footnotes":""},"class_list":["post-1288","page","type-page","status-publish","hentry"],"yoast_head":"<!-- This site is optimized with the Yoast SEO plugin v27.4 - https:\/\/yoast.com\/product\/yoast-seo-wordpress\/ -->\n<title>Notre histoire - \u00c9cole de tango Tangueria<\/title>\n<meta name=\"robots\" content=\"index, follow, max-snippet:-1, max-image-preview:large, max-video-preview:-1\" \/>\n<link rel=\"canonical\" href=\"https:\/\/tangueria.org\/?page_id=1288\" \/>\n<meta property=\"og:locale\" content=\"en_US\" \/>\n<meta property=\"og:type\" content=\"article\" \/>\n<meta property=\"og:title\" content=\"Notre histoire - \u00c9cole de tango Tangueria\" \/>\n<meta property=\"og:description\" content=\"L\u2019histoire de la Tangueria d\u00e9bute en 1991 avec l\u2019ouverture d\u2019un[ ... ]\" \/>\n<meta property=\"og:url\" content=\"https:\/\/tangueria.org\/?page_id=1288\" \/>\n<meta property=\"og:site_name\" content=\"\u00c9cole de tango Tangueria\" \/>\n<meta property=\"article:modified_time\" content=\"2019-07-16T01:55:39+00:00\" \/>\n<meta property=\"og:image\" content=\"https:\/\/tangueria.org\/wp-content\/uploads\/2019\/07\/1528589_803844799693497_3795530547799731851_n-copie.jpg\" \/>\n<meta name=\"twitter:label1\" content=\"Est. reading time\" \/>\n\t<meta name=\"twitter:data1\" content=\"4 minutes\" \/>\n<script type=\"application\/ld+json\" class=\"yoast-schema-graph\">{\"@context\":\"https:\\\/\\\/schema.org\",\"@graph\":[{\"@type\":\"WebPage\",\"@id\":\"https:\\\/\\\/tangueria.org\\\/?page_id=1288\",\"url\":\"https:\\\/\\\/tangueria.org\\\/?page_id=1288\",\"name\":\"Notre histoire - \u00c9cole de tango Tangueria\",\"isPartOf\":{\"@id\":\"https:\\\/\\\/tangueria.org\\\/#website\"},\"primaryImageOfPage\":{\"@id\":\"https:\\\/\\\/tangueria.org\\\/?page_id=1288#primaryimage\"},\"image\":{\"@id\":\"https:\\\/\\\/tangueria.org\\\/?page_id=1288#primaryimage\"},\"thumbnailUrl\":\"https:\\\/\\\/tangueria.org\\\/wp-content\\\/uploads\\\/2019\\\/07\\\/1528589_803844799693497_3795530547799731851_n-copie.jpg\",\"datePublished\":\"2014-12-01T14:02:56+00:00\",\"dateModified\":\"2019-07-16T01:55:39+00:00\",\"breadcrumb\":{\"@id\":\"https:\\\/\\\/tangueria.org\\\/?page_id=1288#breadcrumb\"},\"inLanguage\":\"en-US\",\"potentialAction\":[{\"@type\":\"ReadAction\",\"target\":[\"https:\\\/\\\/tangueria.org\\\/?page_id=1288\"]}]},{\"@type\":\"ImageObject\",\"inLanguage\":\"en-US\",\"@id\":\"https:\\\/\\\/tangueria.org\\\/?page_id=1288#primaryimage\",\"url\":\"https:\\\/\\\/tangueria.org\\\/wp-content\\\/uploads\\\/2019\\\/07\\\/1528589_803844799693497_3795530547799731851_n-copie.jpg\",\"contentUrl\":\"https:\\\/\\\/tangueria.org\\\/wp-content\\\/uploads\\\/2019\\\/07\\\/1528589_803844799693497_3795530547799731851_n-copie.jpg\",\"width\":742,\"height\":742},{\"@type\":\"BreadcrumbList\",\"@id\":\"https:\\\/\\\/tangueria.org\\\/?page_id=1288#breadcrumb\",\"itemListElement\":[{\"@type\":\"ListItem\",\"position\":1,\"name\":\"Accueil\",\"item\":\"https:\\\/\\\/tangueria.org\\\/\"},{\"@type\":\"ListItem\",\"position\":2,\"name\":\"Notre histoire\"}]},{\"@type\":\"WebSite\",\"@id\":\"https:\\\/\\\/tangueria.org\\\/#website\",\"url\":\"https:\\\/\\\/tangueria.org\\\/\",\"name\":\"\u00c9cole de tango Tangueria\",\"description\":\"\",\"potentialAction\":[{\"@type\":\"SearchAction\",\"target\":{\"@type\":\"EntryPoint\",\"urlTemplate\":\"https:\\\/\\\/tangueria.org\\\/?s={search_term_string}\"},\"query-input\":{\"@type\":\"PropertyValueSpecification\",\"valueRequired\":true,\"valueName\":\"search_term_string\"}}],\"inLanguage\":\"en-US\"}]}<\/script>\n<!-- \/ Yoast SEO plugin. -->","yoast_head_json":{"title":"Notre histoire - \u00c9cole de tango Tangueria","robots":{"index":"index","follow":"follow","max-snippet":"max-snippet:-1","max-image-preview":"max-image-preview:large","max-video-preview":"max-video-preview:-1"},"canonical":"https:\/\/tangueria.org\/?page_id=1288","og_locale":"en_US","og_type":"article","og_title":"Notre histoire - \u00c9cole de tango Tangueria","og_description":"L\u2019histoire de la Tangueria d\u00e9bute en 1991 avec l\u2019ouverture d\u2019un[ ... ]","og_url":"https:\/\/tangueria.org\/?page_id=1288","og_site_name":"\u00c9cole de tango Tangueria","article_modified_time":"2019-07-16T01:55:39+00:00","og_image":[{"url":"https:\/\/tangueria.org\/wp-content\/uploads\/2019\/07\/1528589_803844799693497_3795530547799731851_n-copie.jpg","type":"","width":"","height":""}],"twitter_misc":{"Est. reading time":"4 minutes"},"schema":{"@context":"https:\/\/schema.org","@graph":[{"@type":"WebPage","@id":"https:\/\/tangueria.org\/?page_id=1288","url":"https:\/\/tangueria.org\/?page_id=1288","name":"Notre histoire - \u00c9cole de tango Tangueria","isPartOf":{"@id":"https:\/\/tangueria.org\/#website"},"primaryImageOfPage":{"@id":"https:\/\/tangueria.org\/?page_id=1288#primaryimage"},"image":{"@id":"https:\/\/tangueria.org\/?page_id=1288#primaryimage"},"thumbnailUrl":"https:\/\/tangueria.org\/wp-content\/uploads\/2019\/07\/1528589_803844799693497_3795530547799731851_n-copie.jpg","datePublished":"2014-12-01T14:02:56+00:00","dateModified":"2019-07-16T01:55:39+00:00","breadcrumb":{"@id":"https:\/\/tangueria.org\/?page_id=1288#breadcrumb"},"inLanguage":"en-US","potentialAction":[{"@type":"ReadAction","target":["https:\/\/tangueria.org\/?page_id=1288"]}]},{"@type":"ImageObject","inLanguage":"en-US","@id":"https:\/\/tangueria.org\/?page_id=1288#primaryimage","url":"https:\/\/tangueria.org\/wp-content\/uploads\/2019\/07\/1528589_803844799693497_3795530547799731851_n-copie.jpg","contentUrl":"https:\/\/tangueria.org\/wp-content\/uploads\/2019\/07\/1528589_803844799693497_3795530547799731851_n-copie.jpg","width":742,"height":742},{"@type":"BreadcrumbList","@id":"https:\/\/tangueria.org\/?page_id=1288#breadcrumb","itemListElement":[{"@type":"ListItem","position":1,"name":"Accueil","item":"https:\/\/tangueria.org\/"},{"@type":"ListItem","position":2,"name":"Notre histoire"}]},{"@type":"WebSite","@id":"https:\/\/tangueria.org\/#website","url":"https:\/\/tangueria.org\/","name":"\u00c9cole de tango Tangueria","description":"","potentialAction":[{"@type":"SearchAction","target":{"@type":"EntryPoint","urlTemplate":"https:\/\/tangueria.org\/?s={search_term_string}"},"query-input":{"@type":"PropertyValueSpecification","valueRequired":true,"valueName":"search_term_string"}}],"inLanguage":"en-US"}]}},"_links":{"self":[{"href":"https:\/\/tangueria.org\/index.php?rest_route=\/wp\/v2\/pages\/1288","targetHints":{"allow":["GET"]}}],"collection":[{"href":"https:\/\/tangueria.org\/index.php?rest_route=\/wp\/v2\/pages"}],"about":[{"href":"https:\/\/tangueria.org\/index.php?rest_route=\/wp\/v2\/types\/page"}],"author":[{"embeddable":true,"href":"https:\/\/tangueria.org\/index.php?rest_route=\/wp\/v2\/users\/1"}],"replies":[{"embeddable":true,"href":"https:\/\/tangueria.org\/index.php?rest_route=%2Fwp%2Fv2%2Fcomments&post=1288"}],"version-history":[{"count":20,"href":"https:\/\/tangueria.org\/index.php?rest_route=\/wp\/v2\/pages\/1288\/revisions"}],"predecessor-version":[{"id":2812,"href":"https:\/\/tangueria.org\/index.php?rest_route=\/wp\/v2\/pages\/1288\/revisions\/2812"}],"wp:attachment":[{"href":"https:\/\/tangueria.org\/index.php?rest_route=%2Fwp%2Fv2%2Fmedia&parent=1288"}],"curies":[{"name":"wp","href":"https:\/\/api.w.org\/{rel}","templated":true}]}}