{"id":364,"date":"2013-10-28T14:44:34","date_gmt":"2013-10-28T21:44:34","guid":{"rendered":"https:\/\/tangueria.org\/?page_id=364"},"modified":"2025-11-17T14:25:02","modified_gmt":"2025-11-17T14:25:02","slug":"coordonees","status":"publish","type":"page","link":"https:\/\/tangueria.org\/?page_id=364","title":{"rendered":"Coordonn\u00e9es"},"content":{"rendered":"<div id=\"main\">\n<p style=\"text-align: center;\"><img loading=\"lazy\" decoding=\"async\" class=\"size-full wp-image-3119 aligncenter\" src=\"https:\/\/tangueria.org\/wp-content\/uploads\/2022\/04\/1560689_588913914519921_2069609841_n-1.jpg\" alt=\"\" width=\"300\" height=\"124\" \/><\/p>\n<h4 style=\"text-align: center;\"><strong>6394-96 St-Hubert<\/strong><br \/>\n<span style=\"line-height: 1.714285714; font-size: 1rem;\">Montr\u00e9al (M\u00e9tro\u00a0Beaubien),<br \/>\n<\/span><span style=\"line-height: 1.714285714; font-size: 1rem;\">T\u00e9l. : 514 495-8645<\/span><\/h4>\n<h4 style=\"text-align: center;\">Laurentides : 819 833-2945<\/h4>\n<h4 style=\"text-align: center;\">tangueria.org<\/h4>\n<h4 style=\"text-align: center;\">Instagram :\u00a0tangueriademontreal<\/h4>\n<h4 style=\"text-align: center;\">fervor@live.ca<br \/>\nlaurademontreal@live.fr<\/h4>\n<h4 style=\"text-align: center;\">Facebook : tangueria de montreal<\/h4>\n<h4 style=\"text-align: center;\"><iframe loading=\"lazy\" src=\"https:\/\/maps.google.com\/maps?f=q&amp;source=embed&amp;hl=en&amp;geocode=CasHaUl8qZ8HFaOvtgId6MOc-ymZCEL4cxnJTDGsECX7Z6N_xA&amp;q=Tangueria,+Avenue+du+Parc,+Montr%C3%A9al,+QC,+Canada&amp;aq=0&amp;oq=tangueria&amp;sll=45.530283,-73.59767&amp;sspn=0.032288,0.075274&amp;ie=UTF8&amp;hq=Tangueria,&amp;hnear=Avenue+du+Parc,+Montr%C3%A9al,+Qu%C3%A9bec,+Canada&amp;t=m&amp;z=14&amp;iwloc=A&amp;cid=3162286082292530354&amp;ll=45.526874,-73.612504&amp;output=embed\" width=\"425\" height=\"350\" frameborder=\"0\" marginwidth=\"0\" marginheight=\"0\" scrolling=\"no\"><\/iframe><\/h4>\n<p style=\"text-align: left;\"><small><a style=\"color: #0000ff; text-align: left;\" href=\"https:\/\/maps.google.com\/maps?f=q&amp;source=embed&amp;hl=en&amp;geocode=CasHaUl8qZ8HFaOvtgId6MOc-ymZCEL4cxnJTDGsECX7Z6N_xA&amp;q=Tangueria,+Avenue+du+Parc,+Montr%C3%A9al,+QC,+Canada&amp;aq=0&amp;oq=tangueria&amp;sll=45.530283,-73.59767&amp;sspn=0.032288,0.075274&amp;ie=UTF8&amp;hq=Tangueria,&amp;hnear=Avenue+du+Parc,+Montr%C3%A9al,+Qu%C3%A9bec,+Canada&amp;t=m&amp;z=14&amp;iwloc=A&amp;cid=3162286082292530354&amp;ll=45.526874,-73.612504\">View Larger Map<\/a><\/small><\/p>\n<\/div>\n<p style=\"text-align: left;\"><!--End main--><\/p>\n<div class=\"spacewithline\" style=\"text-align: left;\"><\/div>\n","protected":false},"excerpt":{"rendered":"<p>6394-96 St-Hubert Montr\u00e9al (M\u00e9tro\u00a0Beaubien), T\u00e9l. : 514 495-8645 Laurentides :<span class=\"more-dots\"><a href=\"https:\/\/tangueria.org\/?page_id=364\">[ &#8230; ]<\/span><\/a><\/p>\n","protected":false},"author":1,"featured_media":0,"parent":0,"menu_order":4,"comment_status":"closed","ping_status":"closed","template":"","meta":{"footnotes":""},"class_list":["post-364","page","type-page","status-publish","hentry"],"yoast_head":"<!-- This site is optimized with the Yoast SEO plugin v27.4 - https:\/\/yoast.com\/product\/yoast-seo-wordpress\/ -->\n<title>Coordonn\u00e9es - \u00c9cole de tango Tangueria<\/title>\n<meta name=\"robots\" content=\"index, follow, max-snippet:-1, max-image-preview:large, max-video-preview:-1\" \/>\n<link rel=\"canonical\" href=\"https:\/\/tangueria.org\/?page_id=364\" \/>\n<meta property=\"og:locale\" content=\"en_US\" \/>\n<meta property=\"og:type\" content=\"article\" \/>\n<meta property=\"og:title\" content=\"Coordonn\u00e9es - \u00c9cole de tango Tangueria\" \/>\n<meta property=\"og:description\" content=\"6394-96 St-Hubert Montr\u00e9al (M\u00e9tro\u00a0Beaubien), T\u00e9l. : 514 495-8645 Laurentides :[ ... ]\" \/>\n<meta property=\"og:url\" content=\"https:\/\/tangueria.org\/?page_id=364\" \/>\n<meta property=\"og:site_name\" content=\"\u00c9cole de tango Tangueria\" \/>\n<meta property=\"article:modified_time\" content=\"2025-11-17T14:25:02+00:00\" \/>\n<meta property=\"og:image\" content=\"https:\/\/tangueria.org\/wp-content\/uploads\/2022\/04\/1560689_588913914519921_2069609841_n-1.jpg\" \/>\n\t<meta property=\"og:image:width\" content=\"300\" \/>\n\t<meta property=\"og:image:height\" content=\"124\" \/>\n\t<meta property=\"og:image:type\" content=\"image\/jpeg\" \/>\n<meta name=\"twitter:label1\" content=\"Est. reading time\" \/>\n\t<meta name=\"twitter:data1\" content=\"1 minute\" \/>\n<script type=\"application\/ld+json\" class=\"yoast-schema-graph\">{\"@context\":\"https:\\\/\\\/schema.org\",\"@graph\":[{\"@type\":\"WebPage\",\"@id\":\"https:\\\/\\\/tangueria.org\\\/?page_id=364\",\"url\":\"https:\\\/\\\/tangueria.org\\\/?page_id=364\",\"name\":\"Coordonn\u00e9es - \u00c9cole de tango Tangueria\",\"isPartOf\":{\"@id\":\"https:\\\/\\\/tangueria.org\\\/#website\"},\"primaryImageOfPage\":{\"@id\":\"https:\\\/\\\/tangueria.org\\\/?page_id=364#primaryimage\"},\"image\":{\"@id\":\"https:\\\/\\\/tangueria.org\\\/?page_id=364#primaryimage\"},\"thumbnailUrl\":\"https:\\\/\\\/tangueria.org\\\/wp-content\\\/uploads\\\/2022\\\/04\\\/1560689_588913914519921_2069609841_n-1.jpg\",\"datePublished\":\"2013-10-28T21:44:34+00:00\",\"dateModified\":\"2025-11-17T14:25:02+00:00\",\"breadcrumb\":{\"@id\":\"https:\\\/\\\/tangueria.org\\\/?page_id=364#breadcrumb\"},\"inLanguage\":\"en-US\",\"potentialAction\":[{\"@type\":\"ReadAction\",\"target\":[\"https:\\\/\\\/tangueria.org\\\/?page_id=364\"]}]},{\"@type\":\"ImageObject\",\"inLanguage\":\"en-US\",\"@id\":\"https:\\\/\\\/tangueria.org\\\/?page_id=364#primaryimage\",\"url\":\"https:\\\/\\\/tangueria.org\\\/wp-content\\\/uploads\\\/2022\\\/04\\\/1560689_588913914519921_2069609841_n-1.jpg\",\"contentUrl\":\"https:\\\/\\\/tangueria.org\\\/wp-content\\\/uploads\\\/2022\\\/04\\\/1560689_588913914519921_2069609841_n-1.jpg\",\"width\":300,\"height\":124},{\"@type\":\"BreadcrumbList\",\"@id\":\"https:\\\/\\\/tangueria.org\\\/?page_id=364#breadcrumb\",\"itemListElement\":[{\"@type\":\"ListItem\",\"position\":1,\"name\":\"Accueil\",\"item\":\"https:\\\/\\\/tangueria.org\\\/\"},{\"@type\":\"ListItem\",\"position\":2,\"name\":\"Coordonn\u00e9es\"}]},{\"@type\":\"WebSite\",\"@id\":\"https:\\\/\\\/tangueria.org\\\/#website\",\"url\":\"https:\\\/\\\/tangueria.org\\\/\",\"name\":\"\u00c9cole de tango Tangueria\",\"description\":\"\",\"potentialAction\":[{\"@type\":\"SearchAction\",\"target\":{\"@type\":\"EntryPoint\",\"urlTemplate\":\"https:\\\/\\\/tangueria.org\\\/?s={search_term_string}\"},\"query-input\":{\"@type\":\"PropertyValueSpecification\",\"valueRequired\":true,\"valueName\":\"search_term_string\"}}],\"inLanguage\":\"en-US\"}]}<\/script>\n<!-- \/ Yoast SEO plugin. -->","yoast_head_json":{"title":"Coordonn\u00e9es - \u00c9cole de tango Tangueria","robots":{"index":"index","follow":"follow","max-snippet":"max-snippet:-1","max-image-preview":"max-image-preview:large","max-video-preview":"max-video-preview:-1"},"canonical":"https:\/\/tangueria.org\/?page_id=364","og_locale":"en_US","og_type":"article","og_title":"Coordonn\u00e9es - \u00c9cole de tango Tangueria","og_description":"6394-96 St-Hubert Montr\u00e9al (M\u00e9tro\u00a0Beaubien), T\u00e9l. : 514 495-8645 Laurentides :[ ... ]","og_url":"https:\/\/tangueria.org\/?page_id=364","og_site_name":"\u00c9cole de tango Tangueria","article_modified_time":"2025-11-17T14:25:02+00:00","og_image":[{"width":300,"height":124,"url":"https:\/\/tangueria.org\/wp-content\/uploads\/2022\/04\/1560689_588913914519921_2069609841_n-1.jpg","type":"image\/jpeg"}],"twitter_misc":{"Est. reading time":"1 minute"},"schema":{"@context":"https:\/\/schema.org","@graph":[{"@type":"WebPage","@id":"https:\/\/tangueria.org\/?page_id=364","url":"https:\/\/tangueria.org\/?page_id=364","name":"Coordonn\u00e9es - \u00c9cole de tango Tangueria","isPartOf":{"@id":"https:\/\/tangueria.org\/#website"},"primaryImageOfPage":{"@id":"https:\/\/tangueria.org\/?page_id=364#primaryimage"},"image":{"@id":"https:\/\/tangueria.org\/?page_id=364#primaryimage"},"thumbnailUrl":"https:\/\/tangueria.org\/wp-content\/uploads\/2022\/04\/1560689_588913914519921_2069609841_n-1.jpg","datePublished":"2013-10-28T21:44:34+00:00","dateModified":"2025-11-17T14:25:02+00:00","breadcrumb":{"@id":"https:\/\/tangueria.org\/?page_id=364#breadcrumb"},"inLanguage":"en-US","potentialAction":[{"@type":"ReadAction","target":["https:\/\/tangueria.org\/?page_id=364"]}]},{"@type":"ImageObject","inLanguage":"en-US","@id":"https:\/\/tangueria.org\/?page_id=364#primaryimage","url":"https:\/\/tangueria.org\/wp-content\/uploads\/2022\/04\/1560689_588913914519921_2069609841_n-1.jpg","contentUrl":"https:\/\/tangueria.org\/wp-content\/uploads\/2022\/04\/1560689_588913914519921_2069609841_n-1.jpg","width":300,"height":124},{"@type":"BreadcrumbList","@id":"https:\/\/tangueria.org\/?page_id=364#breadcrumb","itemListElement":[{"@type":"ListItem","position":1,"name":"Accueil","item":"https:\/\/tangueria.org\/"},{"@type":"ListItem","position":2,"name":"Coordonn\u00e9es"}]},{"@type":"WebSite","@id":"https:\/\/tangueria.org\/#website","url":"https:\/\/tangueria.org\/","name":"\u00c9cole de tango Tangueria","description":"","potentialAction":[{"@type":"SearchAction","target":{"@type":"EntryPoint","urlTemplate":"https:\/\/tangueria.org\/?s={search_term_string}"},"query-input":{"@type":"PropertyValueSpecification","valueRequired":true,"valueName":"search_term_string"}}],"inLanguage":"en-US"}]}},"_links":{"self":[{"href":"https:\/\/tangueria.org\/index.php?rest_route=\/wp\/v2\/pages\/364","targetHints":{"allow":["GET"]}}],"collection":[{"href":"https:\/\/tangueria.org\/index.php?rest_route=\/wp\/v2\/pages"}],"about":[{"href":"https:\/\/tangueria.org\/index.php?rest_route=\/wp\/v2\/types\/page"}],"author":[{"embeddable":true,"href":"https:\/\/tangueria.org\/index.php?rest_route=\/wp\/v2\/users\/1"}],"replies":[{"embeddable":true,"href":"https:\/\/tangueria.org\/index.php?rest_route=%2Fwp%2Fv2%2Fcomments&post=364"}],"version-history":[{"count":25,"href":"https:\/\/tangueria.org\/index.php?rest_route=\/wp\/v2\/pages\/364\/revisions"}],"predecessor-version":[{"id":4570,"href":"https:\/\/tangueria.org\/index.php?rest_route=\/wp\/v2\/pages\/364\/revisions\/4570"}],"wp:attachment":[{"href":"https:\/\/tangueria.org\/index.php?rest_route=%2Fwp%2Fv2%2Fmedia&parent=364"}],"curies":[{"name":"wp","href":"https:\/\/api.w.org\/{rel}","templated":true}]}}